                                                                                                                                                                                                                                                                                                                                                                                                                                                                                                                                                                                                                                                                                                                                                                                                                                                        
{"id":2154,"date":"2019-12-08T10:12:52","date_gmt":"2019-12-08T09:12:52","guid":{"rendered":"http:\/\/www.ganso.info\/fr\/agenda19\/"},"modified":"2024-12-07T12:10:10","modified_gmt":"2024-12-07T11:10:10","slug":"agenda19","status":"publish","type":"page","link":"https:\/\/www.ganso.info\/fr\/agenda19\/","title":{"rendered":"AGENDA"},"content":{"rendered":"<button class=\"button radius   default large\" >2024<\/button>\n<h4><u>MAYO &#8211; MAIATZA &#8211; MAY &#8211; MAI<\/u><\/h4>\n<p>4- FESTIVAL FIT, VILAREAL (Castell\u00f3n). <strong>WELCOME&amp;SORRY (pre-estreno)<\/strong><br \/>\n6-&gt;10- DONOSTIA (Gipuzkoa). <strong>MUNA<\/strong><br \/>\n11- FIRA TRAPEZI, REUS (Tarragona). <strong>WELCOME&amp;SORRY (ESTRENO!)<\/strong><br \/>\n12- ARRIGORRIAGA (Bizkaia). <strong>WELCOME&amp;SORRY<\/strong><br \/>\n16-17- UMORE AZOKA, LEIOA (Bizkaia). <strong>WELCOME&amp;SORRY<\/strong><br \/>\n23-24- FESTIVAL TAC VALLADOLID (Castilla y Le\u00f3n). <strong>WELCOME&amp;SORRY<\/strong><br \/>\n25- ABADI\u00d1O (Bizkaia). <strong>PANOLI KABARETA<\/strong><br \/>\n26- FESTIVAL BISONTERE, SANTILLANA DEL MAR (Cantabria). <strong>WELCOME&amp;SORRY<\/strong><\/p>\n<h4><u>JUNIO &#8211; EKAINA &#8211; JUNE &#8211; JUIN<\/u><\/h4>\n<p>8- GETXO (Bizkaia). <strong>WELCOME&amp;SORRY\u00a0<\/strong><br \/>\n9- FESTIVAL KALDEARTE, GASTEIZ\u00a0 (Araba). <strong>WELCOME&amp;SORRY\u00a0<\/strong><br \/>\n13- IGORRE (Bizkaia). <strong>WELCOME&amp;SORRY\u00a0<\/strong><br \/>\n21- URKABUSTAIZ (Araba). <strong>WELCOME&amp;SORRY<\/strong><br \/>\n23- AMURRIO (Araba). <strong>WELCOME&amp;SORRY\u00a0<\/strong><br \/>\n24- HERNANI (Gipuzkoa). <strong>WELCOME&amp;SORRY\u00a0<\/strong><br \/>\n25- EIBAR (Gipuzkoa). <strong>WELCOME&amp;SORRY\u00a0<\/strong><br \/>\n26- ARRASATE (Gipuzkoa). <strong>WELCOME&amp;SORRY\u00a0<\/strong><br \/>\n28- SOPELA (Bizkaia). <strong>WELCOME&amp;SORRY\u00a0<\/strong><\/p>\n<h4><u>JULIO &#8211; UZTAILA &#8211; JULY &#8211; JUILLET<\/u><\/h4>\n<p>3- FESTIVAL KALEALDI, BILBO (Bizkaia). <strong>WELCOME&amp;SORRY\u00a0<\/strong><br \/>\n4- FESTIVAL KALERKI, ZARAUTZ (Gipuzkoa). <strong>WELCOME&amp;SORRY\u00a0<\/strong><br \/>\n5- BARBER\u00c1 DEL VALL\u00c9S (Barcelona). <strong>WELCOME&amp;SORRY\u00a0<\/strong><br \/>\n6-7- FESTIVAL VILADECANS (Barcelona). <strong>WELCOME&amp;SORRY\u00a0<\/strong><br \/>\n9- BERGARA (Gipuzkoa). <strong>WELCOME&amp;SORRY\u00a0<\/strong><br \/>\n10- ERANDIO (Bizkaia). <strong>WELCOME&amp;SORRY\u00a0<\/strong><br \/>\n11- BERRIZ (Bizkaia). <strong><strong>WELCOME&amp;SORRY\u00a0<\/strong><br \/>\n<\/strong>12- LASARTE (Gipuzkoa). <strong><strong>WELCOME&amp;SORRY\u00a0<\/strong><br \/>\n<\/strong>13- ZUMAIA (Gipuzkoa). <strong><strong>WELCOME&amp;SORRY\u00a0<\/strong><br \/>\n<\/strong>13- SANTURTZI (Bizkaia). <strong><strong>WELCOME&amp;SORRY\u00a0<\/strong><\/strong><br \/>\n14- FESTIVAL RATAPLAN, BARAKALDO (Bizkaia). <strong>WELCOME&amp;SORRY\u00a0<\/strong><br \/>\n19-20- FESTIVAL DE ALMAGRO (Castilla-La Mancha). <strong>WELCOME&amp;SORRY\u00a0<\/strong><br \/>\n21- SALMANTON (Araba). <strong>PANOLI KABARETA<\/strong><br \/>\n24- AMOREBIETA (Bizkaia).<strong><strong>WELCOME&amp;SORRY\u00a0<\/strong><\/strong><br \/>\n25- SANTANDER (Cantabria).<strong>WELCOME&amp;SORRY\u00a0<\/strong><br \/>\n27- RIAZA (Segovia). <strong>WELCOME&amp;SORRY\u00a0<\/strong><br \/>\n31- SAN PEDRO DE PINATAR (Murcia). <strong>BABO ROYAL<\/strong><\/p>\n<h4><u>AGOSTO &#8211; ABUZTUA &#8211; AUGUST &#8211; AO\u00dbT<\/u><\/h4>\n<p>2- BERRIOPLANO (Navarra). <strong>WELCOME&amp;SORRY\u00a0<\/strong><br \/>\n3- DERIO (Bizkaia) <strong>WELCOME&amp;SORRY\u00a0<\/strong><br \/>\n4- VILLABUENA DE ALAVA (Araba). <strong>WELCOME&amp;SORRY\u00a0<\/strong><br \/>\n6- FUNDAO (Portugal). <strong>PANOLI KABARETA<\/strong><br \/>\n9- FELECHOSA (Asturias). <strong>PANOLI KABARETA<\/strong><br \/>\n10- LUIAONDO (Araba). <strong>WELCOME&amp;SORRY\u00a0<\/strong><br \/>\n15- XATIVA (Valencia). <strong>WELCOME&amp;SORRY\u00a0<\/strong><br \/>\n16- SAGUNT (Valencia). <strong>WELCOME&amp;SORRY\u00a0<\/strong><br \/>\n17- GERNIKA (Bizkaia). <strong>WELCOME&amp;SORRY\u00a0<\/strong><br \/>\n18- FESTIVAL DE ARAIA (Araba). <strong>WELCOME&amp;SORRY\u00a0<\/strong><br \/>\n21- CALPE (Alicante). <strong>BABO ROYAL<\/strong><br \/>\n23- TOLOSA (Gipuzkoa). <strong>WELCOME&amp;SORRY\u00a0<\/strong><br \/>\n24- POBES (Araba). <strong>WELCOME&amp;SORRY\u00a0<\/strong><br \/>\n25- YECORA (Araba). <strong>WELCOME&amp;SORRY\u00a0<\/strong><br \/>\n27- VILLABA (Nafarroa). <strong>PANOLI KABARETA<\/strong><br \/>\n31- TRAPAGA (Bizkaia). <strong>WELCOME&amp;SORRY\u00a0<\/strong><\/p>\n<h4><u>SEPTIEMBRE &#8211; IRAILA &#8211; SEPTEMBER &#8211; SEPTEMBRE<\/u><\/h4>\n<p>12- BERMEO (Bizkaia). <strong>WELCOME&amp;SORRY\u00a0<\/strong><br \/>\n13- ZUMARRAGA (Gipuzkoa). <strong>WELCOME&amp;SORRY\u00a0<\/strong><br \/>\n20- MA\u00d1ARIA (Bizkaia). <strong>PANOLI KABARETA<\/strong><br \/>\n28- BERGARA (Gipuzkoa).<b> MUNA<\/b><\/p>\n<h4><u>OCTUBRE &#8211; URRIA &#8211; OCTOBER &#8211; OCTOBRE<\/u><\/h4>\n<p>5- BENICARL\u00d3 (Valencia). <strong>WELCOME&amp;SORRY\u00a0<\/strong><\/p>\n<h4><u>NOVIEMBRE &#8211; AZAROA &#8211; NOVEMBER &#8211; NOVEMBRE<\/u><\/h4>\n<p>3- URNIETA (Gipuzkoa).<b> MUNA<\/b><br \/>\n9- CRUCES-BARAKALDO (Bizkaia).<b> MUNA<\/b><br \/>\n10- ARANGUREN (Nafarroa).<b> MUNA<\/b><br \/>\n16- ELCHE (Alicante).<b> <strong>WELCOME&amp;SORRY\u00a0<\/strong><\/b><br \/>\n17- VITORIA-GASTEIZ (Araba).<b> MUNA<\/b><br \/>\n24- MUNGIA (Bizkaia).<b> MUNA<\/b><\/p>\n<h4><u>DICIEMBRE &#8211; ABENDUA &#8211; DECEMBER &#8211; D\u00c9CEMBRE<\/u><\/h4>\n<p>27-29-29- DURANGO (Bizkaia).<b> MALUTA (Eguberriko Zirkua)<\/b><br \/>\n30- GALDAKAO (Bizkaia).<b> MALUTA (Eguberriko Zirkua)<\/b><br \/>\n12- ERMUA (Bizkaia).<b> BABO ROYAL<\/b><br \/>\n15- KUARTANGO (Araba).<b> BABO ROYAL<\/b><br \/>\n17- ERMUA (Bizkaia).<b> BABO ROYAL<\/b><\/p>\n<h6><strong>ENTRE OTROS, HEMOS ESTADO EN:<br \/>\nBESTE BATZUEN ARTEAN, HURRENGO LEKUETAN EGON GARA:<br \/>\nPLACES WHERE WE HAVE BEEN:<br \/>\nLIEUX O\u00d9 NOUS AVONS \u00c9T\u00c9:<\/strong><br \/>\nFira Tarrega, Fira de Circ de la Bisbal, Fira de Circ Trapezi \u2013 Reus, Festival Ple de Riure, Festival de Vila-real, Festival de Teatro Cl\u00e1sico de Almagro, Festival de las Artes de Salamanca, TAC Valladolid, dFeria Donosti, Festival Kaldearte Gasteiz, Umore Azoka de Leioa, Festival de Teatre al Carrer de Viladecans, Festival Kalealdi de Bilbao , Festival de Lekeitio, Semana Grande de Bilbao, Festival de Pallasos de Cornell\u00e1, Festival de Teatro Alternativo de Urones de Castroponce, Festival de Teatro de Barakaldo, Jornadas de Teatro de Getxo, La Mer\u00e7e de Barcelona, Festival de Titeres de Alicante, Festival Circada de Sevilla, Festival Mueca Gran Canaria, Festival de Libourne (Francia), Rumania, Grecia, Portugal, Colombia, Costa Rica\u2026<\/h6>\n","protected":false},"excerpt":{"rendered":"<p>MAYO &#8211; MAIATZA &#8211; MAY &#8211; MAI 4- FESTIVAL FIT, VILAREAL (Castell\u00f3n). WELCOME&amp;SORRY (pre-estreno) 6-&gt;10- DONOSTIA (Gipuzkoa). MUNA 11- FIRA TRAPEZI, REUS (Tarragona). WELCOME&amp;SORRY (ESTRENO!) 12- ARRIGORRIAGA (Bizkaia). WELCOME&amp;SORRY 16-17- UMORE AZOKA, LEIOA (Bizkaia). WELCOME&amp;SORRY 23-24- FESTIVAL TAC VALLADOLID (Castilla y Le\u00f3n). WELCOME&amp;SORRY 25- ABADI\u00d1O (Bizkaia). PANOLI KABARETA 26- FESTIVAL BISONTERE, SANTILLANA DEL MAR (Cantabria).<a class=\"excerpt-read-more\" href=\"https:\/\/www.ganso.info\/fr\/agenda19\/\" title=\"LlegirAGENDA\">&#8230; Llegeix-ne m\u00e9s &raquo;<\/a><\/p>\n","protected":false},"author":1,"featured_media":0,"parent":0,"menu_order":0,"comment_status":"closed","ping_status":"open","template":"","meta":{"footnotes":""},"class_list":["post-2154","page","type-page","status-publish","hentry"],"yoast_head":"<!-- This site is optimized with the Yoast SEO plugin v26.2 - https:\/\/yoast.com\/wordpress\/plugins\/seo\/ -->\n<title>AGENDA - GANSO &amp; Cia - Compa\u00f1\u00eda de Clown<\/title>\n<meta name=\"robots\" content=\"index, follow, max-snippet:-1, max-image-preview:large, max-video-preview:-1\" \/>\n<link rel=\"canonical\" href=\"https:\/\/www.ganso.info\/fr\/agenda19\/\" \/>\n<meta property=\"og:locale\" content=\"fr_FR\" \/>\n<meta property=\"og:type\" content=\"article\" \/>\n<meta property=\"og:title\" content=\"AGENDA - GANSO &amp; Cia - Compa\u00f1\u00eda de Clown\" \/>\n<meta property=\"og:description\" content=\"MAYO &#8211; MAIATZA &#8211; MAY &#8211; MAI 4- FESTIVAL FIT, VILAREAL (Castell\u00f3n). WELCOME&amp;SORRY (pre-estreno) 6-&gt;10- DONOSTIA (Gipuzkoa). MUNA 11- FIRA TRAPEZI, REUS (Tarragona). WELCOME&amp;SORRY (ESTRENO!) 12- ARRIGORRIAGA (Bizkaia). WELCOME&amp;SORRY 16-17- UMORE AZOKA, LEIOA (Bizkaia). WELCOME&amp;SORRY 23-24- FESTIVAL TAC VALLADOLID (Castilla y Le\u00f3n). WELCOME&amp;SORRY 25- ABADI\u00d1O (Bizkaia). PANOLI KABARETA 26- FESTIVAL BISONTERE, SANTILLANA DEL MAR (Cantabria).... Llegeix-ne m\u00e9s &raquo;\" \/>\n<meta property=\"og:url\" content=\"https:\/\/www.ganso.info\/fr\/agenda19\/\" \/>\n<meta property=\"og:site_name\" content=\"GANSO &amp; Cia\" \/>\n<meta property=\"article:modified_time\" content=\"2024-12-07T11:10:10+00:00\" \/>\n<meta name=\"twitter:card\" content=\"summary_large_image\" \/>\n<meta name=\"twitter:label1\" content=\"Dur\u00e9e de lecture estim\u00e9e\" \/>\n\t<meta name=\"twitter:data1\" content=\"3 minutes\" \/>\n<script type=\"application\/ld+json\" class=\"yoast-schema-graph\">{\"@context\":\"https:\/\/schema.org\",\"@graph\":[{\"@type\":\"WebPage\",\"@id\":\"https:\/\/www.ganso.info\/fr\/agenda19\/\",\"url\":\"https:\/\/www.ganso.info\/fr\/agenda19\/\",\"name\":\"AGENDA - GANSO &amp; Cia - Compa\u00f1\u00eda de Clown\",\"isPartOf\":{\"@id\":\"https:\/\/www.ganso.info\/#website\"},\"datePublished\":\"2019-12-08T09:12:52+00:00\",\"dateModified\":\"2024-12-07T11:10:10+00:00\",\"breadcrumb\":{\"@id\":\"https:\/\/www.ganso.info\/fr\/agenda19\/#breadcrumb\"},\"inLanguage\":\"fr-FR\",\"potentialAction\":[{\"@type\":\"ReadAction\",\"target\":[\"https:\/\/www.ganso.info\/fr\/agenda19\/\"]}]},{\"@type\":\"BreadcrumbList\",\"@id\":\"https:\/\/www.ganso.info\/fr\/agenda19\/#breadcrumb\",\"itemListElement\":[{\"@type\":\"ListItem\",\"position\":1,\"name\":\"Portada\",\"item\":\"https:\/\/www.ganso.info\/fr\/\"},{\"@type\":\"ListItem\",\"position\":2,\"name\":\"AGENDA\"}]},{\"@type\":\"WebSite\",\"@id\":\"https:\/\/www.ganso.info\/#website\",\"url\":\"https:\/\/www.ganso.info\/\",\"name\":\"GANSO &amp; Cia\",\"description\":\"Compa\u00f1\u00eda de Clown\",\"publisher\":{\"@id\":\"https:\/\/www.ganso.info\/#organization\"},\"potentialAction\":[{\"@type\":\"SearchAction\",\"target\":{\"@type\":\"EntryPoint\",\"urlTemplate\":\"https:\/\/www.ganso.info\/?s={search_term_string}\"},\"query-input\":{\"@type\":\"PropertyValueSpecification\",\"valueRequired\":true,\"valueName\":\"search_term_string\"}}],\"inLanguage\":\"fr-FR\"},{\"@type\":\"Organization\",\"@id\":\"https:\/\/www.ganso.info\/#organization\",\"name\":\"GANSO&C\u00eda\",\"url\":\"https:\/\/www.ganso.info\/\",\"logo\":{\"@type\":\"ImageObject\",\"inLanguage\":\"fr-FR\",\"@id\":\"https:\/\/www.ganso.info\/#\/schema\/logo\/image\/\",\"url\":\"http:\/\/www.ganso.info\/wp-content\/uploads\/2016\/07\/logo-GANSO-16W.jpg\",\"contentUrl\":\"http:\/\/www.ganso.info\/wp-content\/uploads\/2016\/07\/logo-GANSO-16W.jpg\",\"width\":5837,\"height\":1720,\"caption\":\"GANSO&C\u00eda\"},\"image\":{\"@id\":\"https:\/\/www.ganso.info\/#\/schema\/logo\/image\/\"}}]}<\/script>\n<!-- \/ Yoast SEO plugin. -->","yoast_head_json":{"title":"AGENDA - GANSO &amp; Cia - Compa\u00f1\u00eda de Clown","robots":{"index":"index","follow":"follow","max-snippet":"max-snippet:-1","max-image-preview":"max-image-preview:large","max-video-preview":"max-video-preview:-1"},"canonical":"https:\/\/www.ganso.info\/fr\/agenda19\/","og_locale":"fr_FR","og_type":"article","og_title":"AGENDA - GANSO &amp; Cia - Compa\u00f1\u00eda de Clown","og_description":"MAYO &#8211; MAIATZA &#8211; MAY &#8211; MAI 4- FESTIVAL FIT, VILAREAL (Castell\u00f3n). WELCOME&amp;SORRY (pre-estreno) 6-&gt;10- DONOSTIA (Gipuzkoa). MUNA 11- FIRA TRAPEZI, REUS (Tarragona). WELCOME&amp;SORRY (ESTRENO!) 12- ARRIGORRIAGA (Bizkaia). WELCOME&amp;SORRY 16-17- UMORE AZOKA, LEIOA (Bizkaia). WELCOME&amp;SORRY 23-24- FESTIVAL TAC VALLADOLID (Castilla y Le\u00f3n). WELCOME&amp;SORRY 25- ABADI\u00d1O (Bizkaia). PANOLI KABARETA 26- FESTIVAL BISONTERE, SANTILLANA DEL MAR (Cantabria).... Llegeix-ne m\u00e9s &raquo;","og_url":"https:\/\/www.ganso.info\/fr\/agenda19\/","og_site_name":"GANSO &amp; Cia","article_modified_time":"2024-12-07T11:10:10+00:00","twitter_card":"summary_large_image","twitter_misc":{"Dur\u00e9e de lecture estim\u00e9e":"3 minutes"},"schema":{"@context":"https:\/\/schema.org","@graph":[{"@type":"WebPage","@id":"https:\/\/www.ganso.info\/fr\/agenda19\/","url":"https:\/\/www.ganso.info\/fr\/agenda19\/","name":"AGENDA - GANSO &amp; Cia - Compa\u00f1\u00eda de Clown","isPartOf":{"@id":"https:\/\/www.ganso.info\/#website"},"datePublished":"2019-12-08T09:12:52+00:00","dateModified":"2024-12-07T11:10:10+00:00","breadcrumb":{"@id":"https:\/\/www.ganso.info\/fr\/agenda19\/#breadcrumb"},"inLanguage":"fr-FR","potentialAction":[{"@type":"ReadAction","target":["https:\/\/www.ganso.info\/fr\/agenda19\/"]}]},{"@type":"BreadcrumbList","@id":"https:\/\/www.ganso.info\/fr\/agenda19\/#breadcrumb","itemListElement":[{"@type":"ListItem","position":1,"name":"Portada","item":"https:\/\/www.ganso.info\/fr\/"},{"@type":"ListItem","position":2,"name":"AGENDA"}]},{"@type":"WebSite","@id":"https:\/\/www.ganso.info\/#website","url":"https:\/\/www.ganso.info\/","name":"GANSO &amp; Cia","description":"Compa\u00f1\u00eda de Clown","publisher":{"@id":"https:\/\/www.ganso.info\/#organization"},"potentialAction":[{"@type":"SearchAction","target":{"@type":"EntryPoint","urlTemplate":"https:\/\/www.ganso.info\/?s={search_term_string}"},"query-input":{"@type":"PropertyValueSpecification","valueRequired":true,"valueName":"search_term_string"}}],"inLanguage":"fr-FR"},{"@type":"Organization","@id":"https:\/\/www.ganso.info\/#organization","name":"GANSO&C\u00eda","url":"https:\/\/www.ganso.info\/","logo":{"@type":"ImageObject","inLanguage":"fr-FR","@id":"https:\/\/www.ganso.info\/#\/schema\/logo\/image\/","url":"http:\/\/www.ganso.info\/wp-content\/uploads\/2016\/07\/logo-GANSO-16W.jpg","contentUrl":"http:\/\/www.ganso.info\/wp-content\/uploads\/2016\/07\/logo-GANSO-16W.jpg","width":5837,"height":1720,"caption":"GANSO&C\u00eda"},"image":{"@id":"https:\/\/www.ganso.info\/#\/schema\/logo\/image\/"}}]}},"_links":{"self":[{"href":"https:\/\/www.ganso.info\/fr\/wp-json\/wp\/v2\/pages\/2154","targetHints":{"allow":["GET"]}}],"collection":[{"href":"https:\/\/www.ganso.info\/fr\/wp-json\/wp\/v2\/pages"}],"about":[{"href":"https:\/\/www.ganso.info\/fr\/wp-json\/wp\/v2\/types\/page"}],"author":[{"embeddable":true,"href":"https:\/\/www.ganso.info\/fr\/wp-json\/wp\/v2\/users\/1"}],"replies":[{"embeddable":true,"href":"https:\/\/www.ganso.info\/fr\/wp-json\/wp\/v2\/comments?post=2154"}],"version-history":[{"count":173,"href":"https:\/\/www.ganso.info\/fr\/wp-json\/wp\/v2\/pages\/2154\/revisions"}],"predecessor-version":[{"id":4225,"href":"https:\/\/www.ganso.info\/fr\/wp-json\/wp\/v2\/pages\/2154\/revisions\/4225"}],"wp:attachment":[{"href":"https:\/\/www.ganso.info\/fr\/wp-json\/wp\/v2\/media?parent=2154"}],"curies":[{"name":"wp","href":"https:\/\/api.w.org\/{rel}","templated":true}]}}